{"id":514,"date":"2017-08-23T11:29:40","date_gmt":"2017-08-23T09:29:40","guid":{"rendered":"https:\/\/2021.fetishescort.com\/casting\/"},"modified":"2025-10-27T13:04:58","modified_gmt":"2025-10-27T12:04:58","slug":"casting","status":"publish","type":"page","link":"https:\/\/www.fetishescort.com\/de\/casting\/","title":{"rendered":"Casting"},"content":{"rendered":"<p style=\"text-align: center;\"><strong data-start=\"633\" data-end=\"673\">Werde Teil unseres exklusiven Teams.<\/strong><br data-start=\"673\" data-end=\"676\" \/>Tauche ein in eine Welt voller Sinnlichkeit, Selbstbestimmung und au\u00dfergew\u00f6hnlicher Erlebnisse.<br data-start=\"771\" data-end=\"774\" \/>Als Fetish Escort hast Du die M\u00f6glichkeit, Deine Leidenschaft f\u00fcr BDSM in einem stilvollen,<br \/>\nrespektvollen Rahmen auszuleben \u2013 mit Raum f\u00fcr Tiefe, Neugier und echte Begegnung.<br data-start=\"949\" data-end=\"952\" \/>Diskretion, Freiheit und Inspiration inklusive.<\/p>\n<p style=\"text-align: center;\"><a class=\"fe-button\" href=\"#casting\">Apply<\/a><\/p>\n","protected":false},"excerpt":{"rendered":"<p>Werde Teil unseres exklusiven Teams.Tauche ein in eine Welt voller Sinnlichkeit, Selbstbestimmung und au\u00dfergew\u00f6hnlicher Erlebnisse.Als Fetish Escort hast Du die M\u00f6glichkeit, Deine Leidenschaft f\u00fcr BDSM in einem stilvollen, respektvollen Rahmen auszuleben \u2013 mit Raum f\u00fcr Tiefe, Neugier und echte Begegnung.Diskretion, Freiheit und Inspiration inklusive. Apply<\/p>\n","protected":false},"author":1,"featured_media":0,"parent":0,"menu_order":0,"comment_status":"closed","ping_status":"closed","template":"","meta":{"_acf_changed":false,"footnotes":"","_links_to":"","_links_to_target":""},"class_list":["post-514","page","type-page","status-publish","hentry"],"acf":[],"yoast_head":"<!-- This site is optimized with the Yoast SEO plugin v27.2 - https:\/\/yoast.com\/product\/yoast-seo-wordpress\/ -->\n<title>Casting | Fetishescort<\/title>\n<meta name=\"robots\" content=\"index, follow, max-snippet:-1, max-image-preview:large, max-video-preview:-1\" \/>\n<link rel=\"canonical\" href=\"https:\/\/www.fetishescort.com\/de\/casting\/\" \/>\n<meta property=\"og:locale\" content=\"de_DE\" \/>\n<meta property=\"og:type\" content=\"article\" \/>\n<meta property=\"og:title\" content=\"Casting | Fetishescort\" \/>\n<meta property=\"og:description\" content=\"Werde Teil unseres exklusiven Teams.Tauche ein in eine Welt voller Sinnlichkeit, Selbstbestimmung und au\u00dfergew\u00f6hnlicher Erlebnisse.Als Fetish Escort hast Du die M\u00f6glichkeit, Deine Leidenschaft f\u00fcr BDSM in einem stilvollen, respektvollen Rahmen auszuleben \u2013 mit Raum f\u00fcr Tiefe, Neugier und echte Begegnung.Diskretion, Freiheit und Inspiration inklusive. Apply\" \/>\n<meta property=\"og:url\" content=\"https:\/\/www.fetishescort.com\/de\/casting\/\" \/>\n<meta property=\"og:site_name\" content=\"Fetishescort\" \/>\n<meta property=\"article:modified_time\" content=\"2025-10-27T12:04:58+00:00\" \/>\n<meta name=\"twitter:card\" content=\"summary_large_image\" \/>\n<meta name=\"twitter:label1\" content=\"Gesch\u00e4tzte Lesezeit\" \/>\n\t<meta name=\"twitter:data1\" content=\"1\u00a0Minute\" \/>\n<script type=\"application\/ld+json\" class=\"yoast-schema-graph\">{\"@context\":\"https:\/\/schema.org\",\"@graph\":[{\"@type\":\"WebPage\",\"@id\":\"https:\/\/www.fetishescort.com\/de\/casting\/\",\"url\":\"https:\/\/www.fetishescort.com\/de\/casting\/\",\"name\":\"Casting | Fetishescort\",\"isPartOf\":{\"@id\":\"https:\/\/www.fetishescort.com\/#website\"},\"datePublished\":\"2017-08-23T09:29:40+00:00\",\"dateModified\":\"2025-10-27T12:04:58+00:00\",\"breadcrumb\":{\"@id\":\"https:\/\/www.fetishescort.com\/de\/casting\/#breadcrumb\"},\"inLanguage\":\"de\",\"potentialAction\":[{\"@type\":\"ReadAction\",\"target\":[\"https:\/\/www.fetishescort.com\/de\/casting\/\"]}]},{\"@type\":\"BreadcrumbList\",\"@id\":\"https:\/\/www.fetishescort.com\/de\/casting\/#breadcrumb\",\"itemListElement\":[{\"@type\":\"ListItem\",\"position\":1,\"name\":\"Home\",\"item\":\"https:\/\/www.fetishescort.com\/de\/\"},{\"@type\":\"ListItem\",\"position\":2,\"name\":\"Casting\"}]},{\"@type\":\"WebSite\",\"@id\":\"https:\/\/www.fetishescort.com\/#website\",\"url\":\"https:\/\/www.fetishescort.com\/\",\"name\":\"Fetishescort\",\"description\":\"Eine weitere WordPress-Website\",\"potentialAction\":[{\"@type\":\"SearchAction\",\"target\":{\"@type\":\"EntryPoint\",\"urlTemplate\":\"https:\/\/www.fetishescort.com\/?s={search_term_string}\"},\"query-input\":{\"@type\":\"PropertyValueSpecification\",\"valueRequired\":true,\"valueName\":\"search_term_string\"}}],\"inLanguage\":\"de\"}]}<\/script>\n<!-- \/ Yoast SEO plugin. -->","yoast_head_json":{"title":"Casting | Fetishescort","robots":{"index":"index","follow":"follow","max-snippet":"max-snippet:-1","max-image-preview":"max-image-preview:large","max-video-preview":"max-video-preview:-1"},"canonical":"https:\/\/www.fetishescort.com\/de\/casting\/","og_locale":"de_DE","og_type":"article","og_title":"Casting | Fetishescort","og_description":"Werde Teil unseres exklusiven Teams.Tauche ein in eine Welt voller Sinnlichkeit, Selbstbestimmung und au\u00dfergew\u00f6hnlicher Erlebnisse.Als Fetish Escort hast Du die M\u00f6glichkeit, Deine Leidenschaft f\u00fcr BDSM in einem stilvollen, respektvollen Rahmen auszuleben \u2013 mit Raum f\u00fcr Tiefe, Neugier und echte Begegnung.Diskretion, Freiheit und Inspiration inklusive. Apply","og_url":"https:\/\/www.fetishescort.com\/de\/casting\/","og_site_name":"Fetishescort","article_modified_time":"2025-10-27T12:04:58+00:00","twitter_card":"summary_large_image","twitter_misc":{"Gesch\u00e4tzte Lesezeit":"1\u00a0Minute"},"schema":{"@context":"https:\/\/schema.org","@graph":[{"@type":"WebPage","@id":"https:\/\/www.fetishescort.com\/de\/casting\/","url":"https:\/\/www.fetishescort.com\/de\/casting\/","name":"Casting | Fetishescort","isPartOf":{"@id":"https:\/\/www.fetishescort.com\/#website"},"datePublished":"2017-08-23T09:29:40+00:00","dateModified":"2025-10-27T12:04:58+00:00","breadcrumb":{"@id":"https:\/\/www.fetishescort.com\/de\/casting\/#breadcrumb"},"inLanguage":"de","potentialAction":[{"@type":"ReadAction","target":["https:\/\/www.fetishescort.com\/de\/casting\/"]}]},{"@type":"BreadcrumbList","@id":"https:\/\/www.fetishescort.com\/de\/casting\/#breadcrumb","itemListElement":[{"@type":"ListItem","position":1,"name":"Home","item":"https:\/\/www.fetishescort.com\/de\/"},{"@type":"ListItem","position":2,"name":"Casting"}]},{"@type":"WebSite","@id":"https:\/\/www.fetishescort.com\/#website","url":"https:\/\/www.fetishescort.com\/","name":"Fetishescort","description":"Eine weitere WordPress-Website","potentialAction":[{"@type":"SearchAction","target":{"@type":"EntryPoint","urlTemplate":"https:\/\/www.fetishescort.com\/?s={search_term_string}"},"query-input":{"@type":"PropertyValueSpecification","valueRequired":true,"valueName":"search_term_string"}}],"inLanguage":"de"}]}},"_links":{"self":[{"href":"https:\/\/www.fetishescort.com\/de\/wp-json\/wp\/v2\/pages\/514","targetHints":{"allow":["GET"]}}],"collection":[{"href":"https:\/\/www.fetishescort.com\/de\/wp-json\/wp\/v2\/pages"}],"about":[{"href":"https:\/\/www.fetishescort.com\/de\/wp-json\/wp\/v2\/types\/page"}],"author":[{"embeddable":true,"href":"https:\/\/www.fetishescort.com\/de\/wp-json\/wp\/v2\/users\/1"}],"replies":[{"embeddable":true,"href":"https:\/\/www.fetishescort.com\/de\/wp-json\/wp\/v2\/comments?post=514"}],"version-history":[{"count":53,"href":"https:\/\/www.fetishescort.com\/de\/wp-json\/wp\/v2\/pages\/514\/revisions"}],"predecessor-version":[{"id":28126,"href":"https:\/\/www.fetishescort.com\/de\/wp-json\/wp\/v2\/pages\/514\/revisions\/28126"}],"wp:attachment":[{"href":"https:\/\/www.fetishescort.com\/de\/wp-json\/wp\/v2\/media?parent=514"}],"curies":[{"name":"wp","href":"https:\/\/api.w.org\/{rel}","templated":true}]}}